{"id":21006,"date":"2024-06-05T08:12:15","date_gmt":"2024-06-05T08:12:15","guid":{"rendered":"https:\/\/www.securityexpo.ly\/%d8%a7%d8%ad%d8%ac%d8%b2-%d8%a7%d9%84%d9%b1%d9%86\/"},"modified":"2025-10-13T13:44:06","modified_gmt":"2025-10-13T13:44:06","slug":"book-now","status":"publish","type":"page","link":"https:\/\/www.securityexpo.ly\/en\/book-now\/","title":{"rendered":"Book now"},"content":{"rendered":"\t\t<div data-elementor-type=\"wp-page\" data-elementor-id=\"21006\" class=\"elementor elementor-21006\">\n\t\t\t\t\t\t<section class=\"elementor-section elementor-top-section elementor-element elementor-element-3820b3a elementor-section-boxed elementor-section-height-default elementor-section-height-default wpr-particle-no wpr-jarallax-no wpr-parallax-no wpr-sticky-section-no sc_fly_static\" data-id=\"3820b3a\" data-element_type=\"section\">\n\t\t\t\t\t\t<div class=\"elementor-container elementor-column-gap-extended\">\n\t\t\t\t\t<div class=\"elementor-column elementor-col-100 elementor-top-column elementor-element elementor-element-699622c sc_inner_width_none sc_content_align_inherit sc_layouts_column_icons_position_left sc_fly_static\" data-id=\"699622c\" data-element_type=\"column\">\n\t\t\t<div class=\"elementor-widget-wrap elementor-element-populated\">\n\t\t\t\t\t\t<div class=\"elementor-element elementor-element-0a0a862 sc_fly_static elementor-widget elementor-widget-spacer\" data-id=\"0a0a862\" data-element_type=\"widget\" data-widget_type=\"spacer.default\">\n\t\t\t\t<div class=\"elementor-widget-container\">\n\t\t\t\t\t<div class=\"elementor-spacer\">\n\t\t\t<div class=\"elementor-spacer-inner\"><\/div>\n\t\t<\/div>\n\t\t\t\t<\/div>\n\t\t\t\t<\/div>\n\t\t\t\t<div class=\"elementor-element elementor-element-12f8bf2 sc_fly_static elementor-widget elementor-widget-trx_sc_title\" data-id=\"12f8bf2\" data-element_type=\"widget\" data-widget_type=\"trx_sc_title.default\">\n\t\t\t\t<div class=\"elementor-widget-container\">\n\t\t\t<div\t\tclass=\"sc_title sc_title_default\" ><span class=\"sc_item_subtitle sc_title_subtitle sc_align_center sc_item_subtitle_above sc_item_title_style_default sc_item_subtitle_with_custom_color trx_addons_inline_1887211916\">Book now<\/span><h2 class=\"sc_item_title sc_title_title sc_align_center sc_item_title_style_default trx_addons_inline_584408885\"\n\t\t\t><span class=\"sc_item_title_text\">The price per metre according to the following table:<\/span><\/h2><\/div>\t\t<\/div>\n\t\t\t\t<\/div>\n\t\t\t\t<div class=\"elementor-element elementor-element-da69189 sc_fly_static elementor-widget elementor-widget-text-editor\" data-id=\"da69189\" data-element_type=\"widget\" data-widget_type=\"text-editor.default\">\n\t\t\t\t<div class=\"elementor-widget-container\">\n\t\t\t\t\t\t\t<table><tbody><tr><td>National Exhibitor<\/td><td>500 Libyan Dinar (LYD)<\/td><\/tr><tr><td>Exhibitor Agent<\/td><td>550 Libyan Dinar (LYD)<\/td><\/tr><tr><td>Foreign exhibitor<\/td><td>150 US Dollars ($)<\/td><\/tr><\/tbody><\/table>\t\t\t\t\t\t<\/div>\n\t\t\t\t<\/div>\n\t\t\t\t<section class=\"elementor-section elementor-inner-section elementor-element elementor-element-263467b elementor-section-boxed elementor-section-height-default elementor-section-height-default wpr-particle-no wpr-jarallax-no wpr-parallax-no wpr-sticky-section-no sc_fly_static\" data-id=\"263467b\" data-element_type=\"section\">\n\t\t\t\t\t\t<div class=\"elementor-container elementor-column-gap-extended\">\n\t\t\t\t\t<div class=\"elementor-column elementor-col-33 elementor-inner-column elementor-element elementor-element-f6612ab sc_inner_width_none sc_content_align_inherit sc_layouts_column_icons_position_left sc_fly_static\" data-id=\"f6612ab\" data-element_type=\"column\">\n\t\t\t<div class=\"elementor-widget-wrap\">\n\t\t\t\t\t\t\t<\/div>\n\t\t<\/div>\n\t\t\t\t<div class=\"elementor-column elementor-col-33 elementor-inner-column elementor-element elementor-element-42a1f17 sc_inner_width_none sc_content_align_inherit sc_layouts_column_icons_position_left sc_fly_static\" data-id=\"42a1f17\" data-element_type=\"column\">\n\t\t\t<div class=\"elementor-widget-wrap elementor-element-populated\">\n\t\t\t\t\t\t<div class=\"elementor-element elementor-element-f57bf7a sc_fly_static elementor-widget elementor-widget-trx_sc_button\" data-id=\"f57bf7a\" data-element_type=\"widget\" data-widget_type=\"trx_sc_button.default\">\n\t\t\t\t<div class=\"elementor-widget-container\">\n\t\t\t<div\tclass=\"sc_item_button sc_button_wrap sc_align_center\" ><a href=\"https:\/\/www.securityexpo.ly\/wp-content\/uploads\/2025\/10\/SECURITY-2-EXPO-file-ArabicEnglish.pdf\" class=\"sc_button sc_button_default sc_button_size_normal sc_button_with_icon sc_button_icon_left color_style_dark\" target=\"_blank\" ><span class=\"sc_button_icon\"><span class=\"icon-portfolio-1\"><\/span><\/span><span class=\"sc_button_text\"><span class=\"sc_button_title\">Exhibition file<\/span><\/span><\/a><\/div>\t\t<\/div>\n\t\t\t\t<\/div>\n\t\t\t\t\t<\/div>\n\t\t<\/div>\n\t\t\t\t<div class=\"elementor-column elementor-col-33 elementor-inner-column elementor-element elementor-element-930dbfc sc_inner_width_none sc_content_align_inherit sc_layouts_column_icons_position_left sc_fly_static\" data-id=\"930dbfc\" data-element_type=\"column\">\n\t\t\t<div class=\"elementor-widget-wrap\">\n\t\t\t\t\t\t\t<\/div>\n\t\t<\/div>\n\t\t\t\t\t<\/div>\n\t\t<\/section>\n\t\t\t\t<div class=\"elementor-element elementor-element-f1f2184 sc_fly_static elementor-widget elementor-widget-spacer\" data-id=\"f1f2184\" data-element_type=\"widget\" data-widget_type=\"spacer.default\">\n\t\t\t\t<div class=\"elementor-widget-container\">\n\t\t\t\t\t<div class=\"elementor-spacer\">\n\t\t\t<div class=\"elementor-spacer-inner\"><\/div>\n\t\t<\/div>\n\t\t\t\t<\/div>\n\t\t\t\t<\/div>\n\t\t\t\t<div class=\"elementor-element elementor-element-d46f663 sc_fly_static elementor-widget elementor-widget-shortcode\" data-id=\"d46f663\" data-element_type=\"widget\" data-widget_type=\"shortcode.default\">\n\t\t\t\t<div class=\"elementor-widget-container\">\n\t\t\t\t\t<div class=\"elementor-shortcode\">\n<div class=\"wpcf7 no-js\" id=\"wpcf7-f21449-o1\" lang=\"en-US\" dir=\"ltr\">\n<div class=\"screen-reader-response\"><p role=\"status\" aria-live=\"polite\" aria-atomic=\"true\"><\/p> <ul><\/ul><\/div>\n<form action=\"\/en\/wp-json\/wp\/v2\/pages\/21006#wpcf7-f21449-o1\" method=\"post\" class=\"wpcf7-form init\" aria-label=\"Contact form\" enctype=\"multipart\/form-data\" novalidate=\"novalidate\" data-status=\"init\">\n<div style=\"display: none;\">\n<input type=\"hidden\" name=\"_wpcf7\" value=\"21449\" \/>\n<input type=\"hidden\" name=\"_wpcf7_version\" value=\"5.9.5\" \/>\n<input type=\"hidden\" name=\"_wpcf7_locale\" value=\"en_US\" \/>\n<input type=\"hidden\" name=\"_wpcf7_unit_tag\" value=\"wpcf7-f21449-o1\" \/>\n<input type=\"hidden\" name=\"_wpcf7_container_post\" value=\"0\" \/>\n<input type=\"hidden\" name=\"_wpcf7_posted_data_hash\" value=\"\" \/>\n<input type=\"hidden\" name=\"_wpcf7_recaptcha_response\" value=\"\" \/>\n<\/div>\n<p><span class=\"wpcf7-form-control-wrap\" data-name=\"champDeFormulaire\"><input size=\"40\" class=\"wpcf7-form-control wpcf7-text\" id=\"champDeFormulaire\" aria-invalid=\"false\" value=\"idExtrait\" type=\"text\" name=\"champDeFormulaire\" \/><\/span><br \/>\n<script>\n \/\/ R\u00e9cup\u00e9rer l'URL de la page\n var url = window.location.href;\n\n \/\/ Trouver l'index du di\u00e8se (#)\n var indexDuDiese = url.indexOf(\"#\");\n\n \/\/ V\u00e9rifier si le di\u00e8se (#) a \u00e9t\u00e9 trouv\u00e9 dans l'URL\n if (indexDuDiese !== -1) {\n \/\/ Extraire l'ID apr\u00e8s le di\u00e8se (#)\n var idExtrait = url.substring(indexDuDiese + 1);\n\n \/\/ R\u00e9cup\u00e9rer le champ de formulaire par son ID\n var champDeFormulaire = document.getElementById(\"champDeFormulaire\");\n\n \/\/ Remplir le champ de formulaire avec l'ID extrait\n champDeFormulaire.value = idExtrait;\n }\n<\/script><br \/>\n<span class=\"wpcf7-form-control-wrap\" data-name=\"your-name\"><input size=\"40\" class=\"wpcf7-form-control wpcf7-text wpcf7-validates-as-required\" aria-required=\"true\" aria-invalid=\"false\" placeholder=\"COMPANY NAME\" value=\"\" type=\"text\" name=\"your-name\" \/><\/span><br \/>\n<span class=\"wpcf7-form-control-wrap\" data-name=\"your-nationality\"><input size=\"40\" class=\"wpcf7-form-control wpcf7-text wpcf7-validates-as-required\" aria-required=\"true\" aria-invalid=\"false\" placeholder=\"NATIONALITY\" value=\"\" type=\"text\" name=\"your-nationality\" \/><\/span><br \/>\n<span class=\"wpcf7-form-control-wrap\" data-name=\"your-agent\"><input size=\"40\" class=\"wpcf7-form-control wpcf7-text wpcf7-validates-as-required\" aria-required=\"true\" aria-invalid=\"false\" placeholder=\"AGENT NAME\" value=\"\" type=\"text\" name=\"your-agent\" \/><\/span><br \/>\n<span class=\"wpcf7-form-control-wrap\" data-name=\"your-person-contact\"><input size=\"40\" class=\"wpcf7-form-control wpcf7-text wpcf7-validates-as-required\" aria-required=\"true\" aria-invalid=\"false\" placeholder=\"CONTACT PERSON\" value=\"\" type=\"text\" name=\"your-person-contact\" \/><\/span><br \/>\n<span class=\"wpcf7-form-control-wrap\" data-name=\"your-adjective\"><input size=\"40\" class=\"wpcf7-form-control wpcf7-text wpcf7-validates-as-required\" aria-required=\"true\" aria-invalid=\"false\" placeholder=\"POSITION\" value=\"\" type=\"text\" name=\"your-adjective\" \/><\/span><br \/>\n<span class=\"wpcf7-form-control-wrap\" data-name=\"your-adresse\"><input size=\"40\" class=\"wpcf7-form-control wpcf7-text wpcf7-validates-as-required\" aria-required=\"true\" aria-invalid=\"false\" placeholder=\"ADDRESS\" value=\"\" type=\"text\" name=\"your-adresse\" \/><\/span><br \/>\n<span class=\"wpcf7-form-control-wrap\" data-name=\"your-country\"><input size=\"40\" class=\"wpcf7-form-control wpcf7-text wpcf7-validates-as-required\" aria-required=\"true\" aria-invalid=\"false\" placeholder=\"COUNTRY: CITY\" value=\"\" type=\"text\" name=\"your-country\" \/><\/span><br \/>\n<span class=\"wpcf7-form-control-wrap\" data-name=\"your-tel\"><input size=\"40\" class=\"wpcf7-form-control wpcf7-tel wpcf7-validates-as-required wpcf7-text wpcf7-validates-as-tel\" aria-required=\"true\" aria-invalid=\"false\" placeholder=\"Phone\" value=\"\" type=\"tel\" name=\"your-tel\" \/><\/span><br \/>\n<span class=\"wpcf7-form-control-wrap\" data-name=\"your-email\"><input size=\"40\" class=\"wpcf7-form-control wpcf7-email wpcf7-validates-as-required wpcf7-text wpcf7-validates-as-email\" aria-required=\"true\" aria-invalid=\"false\" placeholder=\"E-mail\" value=\"\" type=\"email\" name=\"your-email\" \/><\/span><br \/>\n<span class=\"wpcf7-form-control-wrap\" data-name=\"url-web\"><input size=\"40\" class=\"wpcf7-form-control wpcf7-text\" aria-invalid=\"false\" value=\"Website\" type=\"text\" name=\"url-web\" \/><\/span><br \/>\n<span>Type to participation <span class=\"wpcf7-form-control-wrap\" data-name=\"post-type\"><span class=\"wpcf7-form-control wpcf7-checkbox wpcf7-validates-as-required\"><span class=\"wpcf7-list-item first\"><label><span class=\"wpcf7-list-item-label\">Sponsor<\/span><input type=\"checkbox\" name=\"post-type[]\" value=\"Sponsor\" \/><\/label><\/span><span class=\"wpcf7-list-item last\"><label><span class=\"wpcf7-list-item-label\">Exhibitor<\/span><input type=\"checkbox\" name=\"post-type[]\" value=\"Exhibitor\" \/><\/label><\/span><\/span><\/span><\/span><br \/>\n<span style=\"width: 100%;\">Download the company logo PNG OR PDF: <span class=\"wpcf7-form-control-wrap\" data-name=\"photo\"><input size=\"40\" class=\"wpcf7-form-control wpcf7-file\" accept=\".jpg,.jpeg,.png,.gif,.pdf\" aria-invalid=\"false\" type=\"file\" name=\"photo\" \/><\/span><\/span><br \/>\n<span>\n\t<span class=\"wpcf7-form-control-wrap recaptcha\"><span data-sitekey=\"6Le3ePEpAAAAAGIApdKCHxB9eFw-kZIFZCNGA3dE\" class=\"wpcf7-form-control wpcf7-recaptcha g-recaptcha\"><\/span>\n<noscript>\n\t<div class=\"grecaptcha-noscript\">\n\t\t<iframe src=\"https:\/\/www.google.com\/recaptcha\/api\/fallback?k=6Le3ePEpAAAAAGIApdKCHxB9eFw-kZIFZCNGA3dE\" frameborder=\"0\" scrolling=\"no\" width=\"310\" height=\"430\">\n\t\t<\/iframe>\n\t\t<textarea name=\"g-recaptcha-response\" rows=\"3\" cols=\"40\" placeholder=\"reCaptcha Response Here\">\n\t\t<\/textarea>\n\t<\/div>\n<\/noscript>\n<\/span> <\/span>\n<\/p>\n<p><input class=\"wpcf7-form-control wpcf7-submit has-spinner\" type=\"submit\" value=\"Send\" \/>\n<\/p><div class=\"wpcf7-response-output\" aria-hidden=\"true\"><\/div>\n<\/form>\n<\/div>\n<\/div>\n\t\t\t\t<\/div>\n\t\t\t\t<\/div>\n\t\t\t\t<div class=\"elementor-element elementor-element-bf68bef sc_height_medium sc_fly_static elementor-widget elementor-widget-spacer\" data-id=\"bf68bef\" data-element_type=\"widget\" data-widget_type=\"spacer.default\">\n\t\t\t\t<div class=\"elementor-widget-container\">\n\t\t\t\t\t<div class=\"elementor-spacer\">\n\t\t\t<div class=\"elementor-spacer-inner\"><\/div>\n\t\t<\/div>\n\t\t\t\t<\/div>\n\t\t\t\t<\/div>\n\t\t\t\t\t<\/div>\n\t\t<\/div>\n\t\t\t\t\t<\/div>\n\t\t<\/section>\n\t\t\t\t<\/div>\n\t\t","protected":false},"excerpt":{"rendered":"<p>Book now The price per metre according to the following table: National Exhibitor 500 Libyan Dinar (LYD) Exhibitor Agent 550 Libyan Dinar (LYD) Foreign exhibitor 150 US Dollars ($) Exhibition&hellip;<\/p>\n","protected":false},"author":1,"featured_media":0,"parent":0,"menu_order":0,"comment_status":"closed","ping_status":"closed","template":"","meta":{"footnotes":""},"class_list":["post-21006","page","type-page","status-publish","hentry"],"yoast_head":"<!-- This site is optimized with the Yoast SEO plugin v23.5 - https:\/\/yoast.com\/wordpress\/plugins\/seo\/ -->\n<title>Book now | Security Expo<\/title>\n<meta name=\"robots\" content=\"index, follow, max-snippet:-1, max-image-preview:large, max-video-preview:-1\" \/>\n<link rel=\"canonical\" href=\"https:\/\/www.securityexpo.ly\/en\/\u0627\u062d\u062c\u0632-\u0627\u0644\u0671\u0646\/\" \/>\n<meta property=\"og:locale\" content=\"en_US\" \/>\n<meta property=\"og:type\" content=\"article\" \/>\n<meta property=\"og:title\" content=\"Book now | Security Expo\" \/>\n<meta property=\"og:description\" content=\"Book now The price per metre according to the following table: National Exhibitor 500 Libyan Dinar (LYD) Exhibitor Agent 550 Libyan Dinar (LYD) Foreign exhibitor 150 US Dollars ($) Exhibition&hellip;\" \/>\n<meta property=\"og:url\" content=\"https:\/\/www.securityexpo.ly\/\u0627\u062d\u062c\u0632-\u0627\u0644\u0671\u0646\/\" \/>\n<meta property=\"og:site_name\" content=\"Security Expo\" \/>\n<meta property=\"article:modified_time\" content=\"2025-10-13T13:44:06+00:00\" \/>\n<meta name=\"twitter:card\" content=\"summary_large_image\" \/>\n<meta name=\"twitter:label1\" content=\"Est. reading time\" \/>\n\t<meta name=\"twitter:data1\" content=\"1 minute\" \/>\n<script type=\"application\/ld+json\" class=\"yoast-schema-graph\">{\"@context\":\"https:\/\/schema.org\",\"@graph\":[{\"@type\":\"WebPage\",\"@id\":\"https:\/\/www.securityexpo.ly\/%d8%a7%d8%ad%d8%ac%d8%b2-%d8%a7%d9%84%d9%b1%d9%86\/\",\"url\":\"https:\/\/www.securityexpo.ly\/%d8%a7%d8%ad%d8%ac%d8%b2-%d8%a7%d9%84%d9%b1%d9%86\/\",\"name\":\"Book now | Security Expo\",\"isPartOf\":{\"@id\":\"https:\/\/www.securityexpo.ly\/#website\"},\"datePublished\":\"2024-06-05T08:12:15+00:00\",\"dateModified\":\"2025-10-13T13:44:06+00:00\",\"breadcrumb\":{\"@id\":\"https:\/\/www.securityexpo.ly\/%d8%a7%d8%ad%d8%ac%d8%b2-%d8%a7%d9%84%d9%b1%d9%86\/#breadcrumb\"},\"inLanguage\":\"en-US\",\"potentialAction\":[{\"@type\":\"ReadAction\",\"target\":[\"https:\/\/www.securityexpo.ly\/%d8%a7%d8%ad%d8%ac%d8%b2-%d8%a7%d9%84%d9%b1%d9%86\/\"]}]},{\"@type\":\"BreadcrumbList\",\"@id\":\"https:\/\/www.securityexpo.ly\/%d8%a7%d8%ad%d8%ac%d8%b2-%d8%a7%d9%84%d9%b1%d9%86\/#breadcrumb\",\"itemListElement\":[{\"@type\":\"ListItem\",\"position\":1,\"name\":\"Home\",\"item\":\"https:\/\/www.securityexpo.ly\/\"},{\"@type\":\"ListItem\",\"position\":2,\"name\":\"Book now\"}]},{\"@type\":\"WebSite\",\"@id\":\"https:\/\/www.securityexpo.ly\/#website\",\"url\":\"https:\/\/www.securityexpo.ly\/\",\"name\":\"Security Expo\",\"description\":\"\u0645\u0646\u062a\u062f\u0649 \u0648\u0645\u0639\u0631\u0636 \u0644\u064a\u0628\u064a\u0627 \u0627\u0644\u062f\u0648\u0644\u064a \u0644\u0644\u0648\u0633\u0627\u0626\u0644 \u0627\u0644\u0623\u0645\u0646\u064a\u0629 \u0648\u0627\u0644\u062a\u062c\u0647\u064a\u0632\u0627\u062a \u0627\u0644\u062d\u062f\u064a\u062b\u0629\",\"publisher\":{\"@id\":\"https:\/\/www.securityexpo.ly\/#organization\"},\"potentialAction\":[{\"@type\":\"SearchAction\",\"target\":{\"@type\":\"EntryPoint\",\"urlTemplate\":\"https:\/\/www.securityexpo.ly\/?s={search_term_string}\"},\"query-input\":{\"@type\":\"PropertyValueSpecification\",\"valueRequired\":true,\"valueName\":\"search_term_string\"}}],\"inLanguage\":\"en-US\"},{\"@type\":\"Organization\",\"@id\":\"https:\/\/www.securityexpo.ly\/#organization\",\"name\":\"Security Expo\",\"url\":\"https:\/\/www.securityexpo.ly\/\",\"logo\":{\"@type\":\"ImageObject\",\"inLanguage\":\"en-US\",\"@id\":\"https:\/\/www.securityexpo.ly\/#\/schema\/logo\/image\/\",\"url\":\"https:\/\/www.securityexpo.ly\/wp-content\/uploads\/2022\/02\/logo-security-libya.png\",\"contentUrl\":\"https:\/\/www.securityexpo.ly\/wp-content\/uploads\/2022\/02\/logo-security-libya.png\",\"width\":1478,\"height\":318,\"caption\":\"Security Expo\"},\"image\":{\"@id\":\"https:\/\/www.securityexpo.ly\/#\/schema\/logo\/image\/\"}}]}<\/script>\n<!-- \/ Yoast SEO plugin. -->","yoast_head_json":{"title":"Book now | Security Expo","robots":{"index":"index","follow":"follow","max-snippet":"max-snippet:-1","max-image-preview":"max-image-preview:large","max-video-preview":"max-video-preview:-1"},"canonical":"https:\/\/www.securityexpo.ly\/en\/\u0627\u062d\u062c\u0632-\u0627\u0644\u0671\u0646\/","og_locale":"en_US","og_type":"article","og_title":"Book now | Security Expo","og_description":"Book now The price per metre according to the following table: National Exhibitor 500 Libyan Dinar (LYD) Exhibitor Agent 550 Libyan Dinar (LYD) Foreign exhibitor 150 US Dollars ($) Exhibition&hellip;","og_url":"https:\/\/www.securityexpo.ly\/\u0627\u062d\u062c\u0632-\u0627\u0644\u0671\u0646\/","og_site_name":"Security Expo","article_modified_time":"2025-10-13T13:44:06+00:00","twitter_card":"summary_large_image","twitter_misc":{"Est. reading time":"1 minute"},"schema":{"@context":"https:\/\/schema.org","@graph":[{"@type":"WebPage","@id":"https:\/\/www.securityexpo.ly\/%d8%a7%d8%ad%d8%ac%d8%b2-%d8%a7%d9%84%d9%b1%d9%86\/","url":"https:\/\/www.securityexpo.ly\/%d8%a7%d8%ad%d8%ac%d8%b2-%d8%a7%d9%84%d9%b1%d9%86\/","name":"Book now | Security Expo","isPartOf":{"@id":"https:\/\/www.securityexpo.ly\/#website"},"datePublished":"2024-06-05T08:12:15+00:00","dateModified":"2025-10-13T13:44:06+00:00","breadcrumb":{"@id":"https:\/\/www.securityexpo.ly\/%d8%a7%d8%ad%d8%ac%d8%b2-%d8%a7%d9%84%d9%b1%d9%86\/#breadcrumb"},"inLanguage":"en-US","potentialAction":[{"@type":"ReadAction","target":["https:\/\/www.securityexpo.ly\/%d8%a7%d8%ad%d8%ac%d8%b2-%d8%a7%d9%84%d9%b1%d9%86\/"]}]},{"@type":"BreadcrumbList","@id":"https:\/\/www.securityexpo.ly\/%d8%a7%d8%ad%d8%ac%d8%b2-%d8%a7%d9%84%d9%b1%d9%86\/#breadcrumb","itemListElement":[{"@type":"ListItem","position":1,"name":"Home","item":"https:\/\/www.securityexpo.ly\/"},{"@type":"ListItem","position":2,"name":"Book now"}]},{"@type":"WebSite","@id":"https:\/\/www.securityexpo.ly\/#website","url":"https:\/\/www.securityexpo.ly\/","name":"Security Expo","description":"\u0645\u0646\u062a\u062f\u0649 \u0648\u0645\u0639\u0631\u0636 \u0644\u064a\u0628\u064a\u0627 \u0627\u0644\u062f\u0648\u0644\u064a \u0644\u0644\u0648\u0633\u0627\u0626\u0644 \u0627\u0644\u0623\u0645\u0646\u064a\u0629 \u0648\u0627\u0644\u062a\u062c\u0647\u064a\u0632\u0627\u062a \u0627\u0644\u062d\u062f\u064a\u062b\u0629","publisher":{"@id":"https:\/\/www.securityexpo.ly\/#organization"},"potentialAction":[{"@type":"SearchAction","target":{"@type":"EntryPoint","urlTemplate":"https:\/\/www.securityexpo.ly\/?s={search_term_string}"},"query-input":{"@type":"PropertyValueSpecification","valueRequired":true,"valueName":"search_term_string"}}],"inLanguage":"en-US"},{"@type":"Organization","@id":"https:\/\/www.securityexpo.ly\/#organization","name":"Security Expo","url":"https:\/\/www.securityexpo.ly\/","logo":{"@type":"ImageObject","inLanguage":"en-US","@id":"https:\/\/www.securityexpo.ly\/#\/schema\/logo\/image\/","url":"https:\/\/www.securityexpo.ly\/wp-content\/uploads\/2022\/02\/logo-security-libya.png","contentUrl":"https:\/\/www.securityexpo.ly\/wp-content\/uploads\/2022\/02\/logo-security-libya.png","width":1478,"height":318,"caption":"Security Expo"},"image":{"@id":"https:\/\/www.securityexpo.ly\/#\/schema\/logo\/image\/"}}]}},"_links":{"self":[{"href":"https:\/\/www.securityexpo.ly\/en\/wp-json\/wp\/v2\/pages\/21006","targetHints":{"allow":["GET"]}}],"collection":[{"href":"https:\/\/www.securityexpo.ly\/en\/wp-json\/wp\/v2\/pages"}],"about":[{"href":"https:\/\/www.securityexpo.ly\/en\/wp-json\/wp\/v2\/types\/page"}],"author":[{"embeddable":true,"href":"https:\/\/www.securityexpo.ly\/en\/wp-json\/wp\/v2\/users\/1"}],"replies":[{"embeddable":true,"href":"https:\/\/www.securityexpo.ly\/en\/wp-json\/wp\/v2\/comments?post=21006"}],"version-history":[{"count":13,"href":"https:\/\/www.securityexpo.ly\/en\/wp-json\/wp\/v2\/pages\/21006\/revisions"}],"predecessor-version":[{"id":22038,"href":"https:\/\/www.securityexpo.ly\/en\/wp-json\/wp\/v2\/pages\/21006\/revisions\/22038"}],"wp:attachment":[{"href":"https:\/\/www.securityexpo.ly\/en\/wp-json\/wp\/v2\/media?parent=21006"}],"curies":[{"name":"wp","href":"https:\/\/api.w.org\/{rel}","templated":true}]}}